{"id":3751,"date":"2024-12-25T21:32:37","date_gmt":"2024-12-25T20:32:37","guid":{"rendered":"https:\/\/tanjaschwarz.de\/?page_id=3751"},"modified":"2024-12-25T21:36:13","modified_gmt":"2024-12-25T20:36:13","slug":"newsletter-die-drei-saeulen","status":"publish","type":"page","link":"https:\/\/tanjaschwarz.de\/en\/newsletter-die-drei-saeulen\/","title":{"rendered":"Newsletter &#8211; Die drei S\u00e4ulen"},"content":{"rendered":"<div data-elementor-type=\"wp-page\" data-elementor-id=\"3751\" class=\"elementor elementor-3751\">\n\t\t\t\t\t\t<section class=\"elementor-section elementor-top-section elementor-element elementor-element-8bc5f4b elementor-section-full_width elementor-section-height-default elementor-section-height-default\" data-id=\"8bc5f4b\" data-element_type=\"section\" data-e-type=\"section\" data-settings=\"{&quot;background_background&quot;:&quot;classic&quot;,&quot;shape_divider_bottom&quot;:&quot;opacity-fan&quot;}\">\n\t\t\t\t\t\t\t<div class=\"elementor-background-overlay\"><\/div>\n\t\t\t\t\t\t<div class=\"elementor-shape elementor-shape-bottom\" aria-hidden=\"true\" data-negative=\"false\">\n\t\t\t<svg xmlns=\"http:\/\/www.w3.org\/2000\/svg\" viewbox=\"0 0 283.5 19.6\" preserveaspectratio=\"none\">\n\t<path class=\"elementor-shape-fill\" style=\"opacity:0.33\" d=\"M0 0L0 18.8 141.8 4.1 283.5 18.8 283.5 0z\"\/>\n\t<path class=\"elementor-shape-fill\" style=\"opacity:0.33\" d=\"M0 0L0 12.6 141.8 4 283.5 12.6 283.5 0z\"\/>\n\t<path class=\"elementor-shape-fill\" style=\"opacity:0.33\" d=\"M0 0L0 6.4 141.8 4 283.5 6.4 283.5 0z\"\/>\n\t<path class=\"elementor-shape-fill\" d=\"M0 0L0 1.2 141.8 4 283.5 1.2 283.5 0z\"\/>\n<\/svg>\t\t<\/div>\n\t\t\t\t\t<div class=\"elementor-container elementor-column-gap-no\">\n\t\t\t\t\t<div class=\"elementor-column elementor-col-100 elementor-top-column elementor-element elementor-element-5b502ba\" data-id=\"5b502ba\" data-element_type=\"column\" data-e-type=\"column\">\n\t\t\t<div class=\"elementor-widget-wrap\">\n\t\t\t\t\t\t\t<\/div>\n\t\t<\/div>\n\t\t\t\t\t<\/div>\n\t\t<\/section>\n\t\t\t\t<section class=\"elementor-section elementor-top-section elementor-element elementor-element-dc89e17 elementor-section-height-min-height elementor-section-items-top elementor-section-content-top elementor-section-boxed elementor-section-height-default\" data-id=\"dc89e17\" data-element_type=\"section\" data-e-type=\"section\" data-settings=\"{&quot;background_background&quot;:&quot;classic&quot;,&quot;shape_divider_bottom&quot;:&quot;opacity-fan&quot;}\">\n\t\t\t\t\t\t\t<div class=\"elementor-background-overlay\"><\/div>\n\t\t\t\t\t\t<div class=\"elementor-shape elementor-shape-bottom\" aria-hidden=\"true\" data-negative=\"false\">\n\t\t\t<svg xmlns=\"http:\/\/www.w3.org\/2000\/svg\" viewbox=\"0 0 283.5 19.6\" preserveaspectratio=\"none\">\n\t<path class=\"elementor-shape-fill\" style=\"opacity:0.33\" d=\"M0 0L0 18.8 141.8 4.1 283.5 18.8 283.5 0z\"\/>\n\t<path class=\"elementor-shape-fill\" style=\"opacity:0.33\" d=\"M0 0L0 12.6 141.8 4 283.5 12.6 283.5 0z\"\/>\n\t<path class=\"elementor-shape-fill\" style=\"opacity:0.33\" d=\"M0 0L0 6.4 141.8 4 283.5 6.4 283.5 0z\"\/>\n\t<path class=\"elementor-shape-fill\" d=\"M0 0L0 1.2 141.8 4 283.5 1.2 283.5 0z\"\/>\n<\/svg>\t\t<\/div>\n\t\t\t\t\t<div class=\"elementor-container elementor-column-gap-no\">\n\t\t\t\t\t<div class=\"elementor-column elementor-col-100 elementor-top-column elementor-element elementor-element-c87e692\" data-id=\"c87e692\" data-element_type=\"column\" data-e-type=\"column\">\n\t\t\t<div class=\"elementor-widget-wrap elementor-element-populated\">\n\t\t\t\t\t\t<section class=\"elementor-section elementor-inner-section elementor-element elementor-element-5557b19 elementor-section-content-middle elementor-section-boxed elementor-section-height-default elementor-section-height-default\" data-id=\"5557b19\" data-element_type=\"section\" data-e-type=\"section\">\n\t\t\t\t\t\t<div class=\"elementor-container elementor-column-gap-wider\">\n\t\t\t\t\t<div class=\"elementor-column elementor-col-100 elementor-inner-column elementor-element elementor-element-972e654\" data-id=\"972e654\" data-element_type=\"column\" data-e-type=\"column\">\n\t\t\t<div class=\"elementor-widget-wrap elementor-element-populated\">\n\t\t\t\t\t\t<div class=\"elementor-element elementor-element-7c4612f elementor-widget elementor-widget-text-editor\" data-id=\"7c4612f\" data-element_type=\"widget\" data-e-type=\"widget\" data-widget_type=\"text-editor.default\">\n\t\t\t\t<div class=\"elementor-widget-container\">\n\t\t\t\t\t\t\t\t\t<p style=\"text-align: center;\"><strong><span style=\"color: #fc2d43;\">Die drei S\u00e4ulen f\u00fcr eine be\u00e4ngstigende Umstellung.<\/span><\/strong><\/p><p>\u00a0<\/p><p><a href=\"http:\/\/Audio\" data-wplink-url-error=\"true\">http:\/\/Audio<\/a><\/p><p>\u00a0<\/p><p style=\"text-align: center;\"><span style=\"text-decoration: underline; color: #5e79fa;\"><strong><sup>*E-Mail-Marketing &amp; KI-Automatisierung Tanja Schwarz<\/sup><\/strong><\/span><\/p>\t\t\t\t\t\t\t\t<\/div>\n\t\t\t\t<\/div>\n\t\t\t\t\t<\/div>\n\t\t<\/div>\n\t\t\t\t\t<\/div>\n\t\t<\/section>\n\t\t\t\t\t<\/div>\n\t\t<\/div>\n\t\t\t\t\t<\/div>\n\t\t<\/section>\n\t\t\t\t<\/div>","protected":false},"excerpt":{"rendered":"<p>Die drei S\u00e4ulen f\u00fcr eine be\u00e4ngstigende Umstellung. \u00a0 http:\/\/Audio \u00a0 *E-Mail-Marketing &amp; KI-Automatisierung Tanja Schwarz<\/p>","protected":false},"author":1,"featured_media":0,"parent":0,"menu_order":0,"comment_status":"closed","ping_status":"closed","template":"","meta":{"_eb_attr":"","_monsterinsights_skip_tracking":false,"_monsterinsights_sitenote_active":false,"_monsterinsights_sitenote_note":"","_monsterinsights_sitenote_category":0,"footnotes":""},"class_list":["post-3751","page","type-page","status-publish","hentry"],"yoast_head":"<!-- This site is optimized with the Yoast SEO plugin v25.1 - https:\/\/yoast.com\/wordpress\/plugins\/seo\/ -->\n<title>Newsletter - Die drei S\u00e4ulen - Tanja Schwarz<\/title>\n<meta name=\"description\" content=\"Mit Tanjas simplen Gespr\u00e4chsformulierungen kommunizierst du so, dass du unwiderstehlich f\u00fcr deine Kollegen und Kunden.\" \/>\n<meta name=\"robots\" content=\"index, follow, max-snippet:-1, max-image-preview:large, max-video-preview:-1\" \/>\n<link rel=\"canonical\" href=\"https:\/\/tanjaschwarz.de\/en\/newsletter-die-drei-saeulen\/\" \/>\n<meta property=\"og:locale\" content=\"en_US\" \/>\n<meta property=\"og:type\" content=\"article\" \/>\n<meta property=\"og:title\" content=\"Newsletter - Die drei S\u00e4ulen - Tanja Schwarz\" \/>\n<meta property=\"og:description\" content=\"Mit Tanjas simplen Gespr\u00e4chsformulierungen kommunizierst du so, dass du unwiderstehlich f\u00fcr deine Kollegen und Kunden.\" \/>\n<meta property=\"og:url\" content=\"https:\/\/tanjaschwarz.de\/en\/newsletter-die-drei-saeulen\/\" \/>\n<meta property=\"og:site_name\" content=\"Tanja Schwarz\" \/>\n<meta property=\"article:modified_time\" content=\"2024-12-25T20:36:13+00:00\" \/>\n<meta name=\"twitter:card\" content=\"summary_large_image\" \/>\n<meta name=\"twitter:label1\" content=\"Est. reading time\" \/>\n\t<meta name=\"twitter:data1\" content=\"1 minute\" \/>\n<script type=\"application\/ld+json\" class=\"yoast-schema-graph\">{\"@context\":\"https:\/\/schema.org\",\"@graph\":[{\"@type\":\"WebPage\",\"@id\":\"https:\/\/tanjaschwarz.de\/newsletter-die-drei-saeulen\/\",\"url\":\"https:\/\/tanjaschwarz.de\/newsletter-die-drei-saeulen\/\",\"name\":\"Newsletter - Die drei S\u00e4ulen - Tanja Schwarz\",\"isPartOf\":{\"@id\":\"https:\/\/tanjaschwarz.de\/#website\"},\"datePublished\":\"2024-12-25T20:32:37+00:00\",\"dateModified\":\"2024-12-25T20:36:13+00:00\",\"description\":\"Mit Tanjas simplen Gespr\u00e4chsformulierungen kommunizierst du so, dass du unwiderstehlich f\u00fcr deine Kollegen und Kunden.\",\"breadcrumb\":{\"@id\":\"https:\/\/tanjaschwarz.de\/newsletter-die-drei-saeulen\/#breadcrumb\"},\"inLanguage\":\"en-US\",\"potentialAction\":[{\"@type\":\"ReadAction\",\"target\":[\"https:\/\/tanjaschwarz.de\/newsletter-die-drei-saeulen\/\"]}]},{\"@type\":\"BreadcrumbList\",\"@id\":\"https:\/\/tanjaschwarz.de\/newsletter-die-drei-saeulen\/#breadcrumb\",\"itemListElement\":[{\"@type\":\"ListItem\",\"position\":1,\"name\":\"Startseite\",\"item\":\"https:\/\/tanjaschwarz.de\/\"},{\"@type\":\"ListItem\",\"position\":2,\"name\":\"Newsletter &#8211; Die drei S\u00e4ulen\"}]},{\"@type\":\"WebSite\",\"@id\":\"https:\/\/tanjaschwarz.de\/#website\",\"url\":\"https:\/\/tanjaschwarz.de\/\",\"name\":\"Tanja Schwarz\",\"description\":\"E-Mail-Marketing\",\"publisher\":{\"@id\":\"https:\/\/tanjaschwarz.de\/#organization\"},\"potentialAction\":[{\"@type\":\"SearchAction\",\"target\":{\"@type\":\"EntryPoint\",\"urlTemplate\":\"https:\/\/tanjaschwarz.de\/?s={search_term_string}\"},\"query-input\":{\"@type\":\"PropertyValueSpecification\",\"valueRequired\":true,\"valueName\":\"search_term_string\"}}],\"inLanguage\":\"en-US\"},{\"@type\":\"Organization\",\"@id\":\"https:\/\/tanjaschwarz.de\/#organization\",\"name\":\"Tanja Schwarz\",\"url\":\"https:\/\/tanjaschwarz.de\/\",\"logo\":{\"@type\":\"ImageObject\",\"inLanguage\":\"en-US\",\"@id\":\"https:\/\/tanjaschwarz.de\/#\/schema\/logo\/image\/\",\"url\":\"https:\/\/tanjaschwarz.de\/wp-content\/uploads\/2025\/02\/cropped-Logo-TS-nagelneu.png\",\"contentUrl\":\"https:\/\/tanjaschwarz.de\/wp-content\/uploads\/2025\/02\/cropped-Logo-TS-nagelneu.png\",\"width\":333,\"height\":173,\"caption\":\"Tanja Schwarz\"},\"image\":{\"@id\":\"https:\/\/tanjaschwarz.de\/#\/schema\/logo\/image\/\"}}]}<\/script>\n<!-- \/ Yoast SEO plugin. -->","yoast_head_json":{"title":"Newsletter - Die drei S\u00e4ulen - Tanja Schwarz","description":"Mit Tanjas simplen Gespr\u00e4chsformulierungen kommunizierst du so, dass du unwiderstehlich f\u00fcr deine Kollegen und Kunden.","robots":{"index":"index","follow":"follow","max-snippet":"max-snippet:-1","max-image-preview":"max-image-preview:large","max-video-preview":"max-video-preview:-1"},"canonical":"https:\/\/tanjaschwarz.de\/en\/newsletter-die-drei-saeulen\/","og_locale":"en_US","og_type":"article","og_title":"Newsletter - Die drei S\u00e4ulen - Tanja Schwarz","og_description":"Mit Tanjas simplen Gespr\u00e4chsformulierungen kommunizierst du so, dass du unwiderstehlich f\u00fcr deine Kollegen und Kunden.","og_url":"https:\/\/tanjaschwarz.de\/en\/newsletter-die-drei-saeulen\/","og_site_name":"Tanja Schwarz","article_modified_time":"2024-12-25T20:36:13+00:00","twitter_card":"summary_large_image","twitter_misc":{"Est. reading time":"1 minute"},"schema":{"@context":"https:\/\/schema.org","@graph":[{"@type":"WebPage","@id":"https:\/\/tanjaschwarz.de\/newsletter-die-drei-saeulen\/","url":"https:\/\/tanjaschwarz.de\/newsletter-die-drei-saeulen\/","name":"Newsletter - Die drei S\u00e4ulen - Tanja Schwarz","isPartOf":{"@id":"https:\/\/tanjaschwarz.de\/#website"},"datePublished":"2024-12-25T20:32:37+00:00","dateModified":"2024-12-25T20:36:13+00:00","description":"Mit Tanjas simplen Gespr\u00e4chsformulierungen kommunizierst du so, dass du unwiderstehlich f\u00fcr deine Kollegen und Kunden.","breadcrumb":{"@id":"https:\/\/tanjaschwarz.de\/newsletter-die-drei-saeulen\/#breadcrumb"},"inLanguage":"en-US","potentialAction":[{"@type":"ReadAction","target":["https:\/\/tanjaschwarz.de\/newsletter-die-drei-saeulen\/"]}]},{"@type":"BreadcrumbList","@id":"https:\/\/tanjaschwarz.de\/newsletter-die-drei-saeulen\/#breadcrumb","itemListElement":[{"@type":"ListItem","position":1,"name":"Startseite","item":"https:\/\/tanjaschwarz.de\/"},{"@type":"ListItem","position":2,"name":"Newsletter &#8211; Die drei S\u00e4ulen"}]},{"@type":"WebSite","@id":"https:\/\/tanjaschwarz.de\/#website","url":"https:\/\/tanjaschwarz.de\/","name":"Tanja Schwarz","description":"E-Mail-Marketing","publisher":{"@id":"https:\/\/tanjaschwarz.de\/#organization"},"potentialAction":[{"@type":"SearchAction","target":{"@type":"EntryPoint","urlTemplate":"https:\/\/tanjaschwarz.de\/?s={search_term_string}"},"query-input":{"@type":"PropertyValueSpecification","valueRequired":true,"valueName":"search_term_string"}}],"inLanguage":"en-US"},{"@type":"Organization","@id":"https:\/\/tanjaschwarz.de\/#organization","name":"Tanja Schwarz","url":"https:\/\/tanjaschwarz.de\/","logo":{"@type":"ImageObject","inLanguage":"en-US","@id":"https:\/\/tanjaschwarz.de\/#\/schema\/logo\/image\/","url":"https:\/\/tanjaschwarz.de\/wp-content\/uploads\/2025\/02\/cropped-Logo-TS-nagelneu.png","contentUrl":"https:\/\/tanjaschwarz.de\/wp-content\/uploads\/2025\/02\/cropped-Logo-TS-nagelneu.png","width":333,"height":173,"caption":"Tanja Schwarz"},"image":{"@id":"https:\/\/tanjaschwarz.de\/#\/schema\/logo\/image\/"}}]}},"_links":{"self":[{"href":"https:\/\/tanjaschwarz.de\/en\/wp-json\/wp\/v2\/pages\/3751","targetHints":{"allow":["GET"]}}],"collection":[{"href":"https:\/\/tanjaschwarz.de\/en\/wp-json\/wp\/v2\/pages"}],"about":[{"href":"https:\/\/tanjaschwarz.de\/en\/wp-json\/wp\/v2\/types\/page"}],"author":[{"embeddable":true,"href":"https:\/\/tanjaschwarz.de\/en\/wp-json\/wp\/v2\/users\/1"}],"replies":[{"embeddable":true,"href":"https:\/\/tanjaschwarz.de\/en\/wp-json\/wp\/v2\/comments?post=3751"}],"version-history":[{"count":8,"href":"https:\/\/tanjaschwarz.de\/en\/wp-json\/wp\/v2\/pages\/3751\/revisions"}],"predecessor-version":[{"id":3759,"href":"https:\/\/tanjaschwarz.de\/en\/wp-json\/wp\/v2\/pages\/3751\/revisions\/3759"}],"wp:attachment":[{"href":"https:\/\/tanjaschwarz.de\/en\/wp-json\/wp\/v2\/media?parent=3751"}],"curies":[{"name":"wp","href":"https:\/\/api.w.org\/{rel}","templated":true}]}}