{"id":3746,"date":"2024-12-25T15:46:24","date_gmt":"2024-12-25T14:46:24","guid":{"rendered":"https:\/\/tanjaschwarz.de\/?page_id=3746"},"modified":"2025-03-07T19:09:00","modified_gmt":"2025-03-07T18:09:00","slug":"newsletter-emailschonbestaetigt","status":"publish","type":"page","link":"https:\/\/tanjaschwarz.de\/en\/newsletter-emailschonbestaetigt\/","title":{"rendered":"Newsletter &#8211; E-Mail schon best\u00e4tigt"},"content":{"rendered":"<div data-elementor-type=\"wp-page\" data-elementor-id=\"3746\" class=\"elementor elementor-3746\">\n\t\t\t\t\t\t<section class=\"elementor-section elementor-top-section elementor-element elementor-element-8bc5f4b elementor-section-full_width elementor-section-height-default elementor-section-height-default\" data-id=\"8bc5f4b\" data-element_type=\"section\" data-e-type=\"section\" data-settings=\"{&quot;background_background&quot;:&quot;classic&quot;,&quot;shape_divider_bottom&quot;:&quot;opacity-fan&quot;}\">\n\t\t\t\t\t\t\t<div class=\"elementor-background-overlay\"><\/div>\n\t\t\t\t\t\t<div class=\"elementor-shape elementor-shape-bottom\" aria-hidden=\"true\" data-negative=\"false\">\n\t\t\t<svg xmlns=\"http:\/\/www.w3.org\/2000\/svg\" viewbox=\"0 0 283.5 19.6\" preserveaspectratio=\"none\">\n\t<path class=\"elementor-shape-fill\" style=\"opacity:0.33\" d=\"M0 0L0 18.8 141.8 4.1 283.5 18.8 283.5 0z\"\/>\n\t<path class=\"elementor-shape-fill\" style=\"opacity:0.33\" d=\"M0 0L0 12.6 141.8 4 283.5 12.6 283.5 0z\"\/>\n\t<path class=\"elementor-shape-fill\" style=\"opacity:0.33\" d=\"M0 0L0 6.4 141.8 4 283.5 6.4 283.5 0z\"\/>\n\t<path class=\"elementor-shape-fill\" d=\"M0 0L0 1.2 141.8 4 283.5 1.2 283.5 0z\"\/>\n<\/svg>\t\t<\/div>\n\t\t\t\t\t<div class=\"elementor-container elementor-column-gap-no\">\n\t\t\t\t\t<div class=\"elementor-column elementor-col-100 elementor-top-column elementor-element elementor-element-5b502ba\" data-id=\"5b502ba\" data-element_type=\"column\" data-e-type=\"column\">\n\t\t\t<div class=\"elementor-widget-wrap\">\n\t\t\t\t\t\t\t<\/div>\n\t\t<\/div>\n\t\t\t\t\t<\/div>\n\t\t<\/section>\n\t\t\t\t<section class=\"elementor-section elementor-top-section elementor-element elementor-element-dc89e17 elementor-section-height-min-height elementor-section-items-top elementor-section-content-top elementor-section-boxed elementor-section-height-default\" data-id=\"dc89e17\" data-element_type=\"section\" data-e-type=\"section\" data-settings=\"{&quot;background_background&quot;:&quot;classic&quot;,&quot;shape_divider_bottom&quot;:&quot;opacity-fan&quot;}\">\n\t\t\t\t\t\t\t<div class=\"elementor-background-overlay\"><\/div>\n\t\t\t\t\t\t<div class=\"elementor-shape elementor-shape-bottom\" aria-hidden=\"true\" data-negative=\"false\">\n\t\t\t<svg xmlns=\"http:\/\/www.w3.org\/2000\/svg\" viewbox=\"0 0 283.5 19.6\" preserveaspectratio=\"none\">\n\t<path class=\"elementor-shape-fill\" style=\"opacity:0.33\" d=\"M0 0L0 18.8 141.8 4.1 283.5 18.8 283.5 0z\"\/>\n\t<path class=\"elementor-shape-fill\" style=\"opacity:0.33\" d=\"M0 0L0 12.6 141.8 4 283.5 12.6 283.5 0z\"\/>\n\t<path class=\"elementor-shape-fill\" style=\"opacity:0.33\" d=\"M0 0L0 6.4 141.8 4 283.5 6.4 283.5 0z\"\/>\n\t<path class=\"elementor-shape-fill\" d=\"M0 0L0 1.2 141.8 4 283.5 1.2 283.5 0z\"\/>\n<\/svg>\t\t<\/div>\n\t\t\t\t\t<div class=\"elementor-container elementor-column-gap-no\">\n\t\t\t\t\t<div class=\"elementor-column elementor-col-100 elementor-top-column elementor-element elementor-element-c87e692\" data-id=\"c87e692\" data-element_type=\"column\" data-e-type=\"column\">\n\t\t\t<div class=\"elementor-widget-wrap elementor-element-populated\">\n\t\t\t\t\t\t<section class=\"elementor-section elementor-inner-section elementor-element elementor-element-5557b19 elementor-section-content-middle elementor-section-boxed elementor-section-height-default elementor-section-height-default\" data-id=\"5557b19\" data-element_type=\"section\" data-e-type=\"section\">\n\t\t\t\t\t\t<div class=\"elementor-container elementor-column-gap-wider\">\n\t\t\t\t\t<div class=\"elementor-column elementor-col-100 elementor-inner-column elementor-element elementor-element-972e654\" data-id=\"972e654\" data-element_type=\"column\" data-e-type=\"column\">\n\t\t\t<div class=\"elementor-widget-wrap elementor-element-populated\">\n\t\t\t\t\t\t<div class=\"elementor-element elementor-element-7c4612f elementor-widget elementor-widget-text-editor\" data-id=\"7c4612f\" data-element_type=\"widget\" data-e-type=\"widget\" data-widget_type=\"text-editor.default\">\n\t\t\t\t<div class=\"elementor-widget-container\">\n\t\t\t\t\t\t\t\t\t<p style=\"text-align: center;\"><span style=\"color: #b22222;\"><strong>Zack \u2013 E-Mail best\u00e4tigt!<\/strong><\/span><\/p><p style=\"text-align: center;\"><br data-start=\"376\" data-end=\"379\" \/>Du bist jetzt offiziell in meinem VIP-Verteiler.<\/p><p style=\"text-align: center;\">Schau gleich in dein Postfach nach der E-Mail mit dem Titel<\/p><p style=\"text-align: center;\">\u00a0<\/p><p style=\"text-align: center;\"><strong data-start=\"490\" data-end=\"529\">\u201eDeine Geschenke von Tanja Schwarz\u201c<\/strong><\/p><p>\u00a0<\/p><p style=\"text-align: center;\">und schnapp dir deine Goodies.<br data-start=\"560\" data-end=\"563\" \/>Ich w\u00fcnsch dir einen Tag,<\/p><p style=\"text-align: center;\">so entspannt wie eine H\u00e4ngematte am Strand<\/p><p style=\"text-align: center;\">\u2013 nur mit mehr Umsatzpotenzial.<\/p><p style=\"margin-bottom: 0cm; line-height: 19.5pt; background-image: initial; background-position: initial; background-size: initial; background-repeat: initial; background-attachment: initial; background-origin: initial; background-clip: initial; text-align: center;\"><span lang=\"DE\" style=\"font-size: 13.5pt; font-family: Roboto;\"><span style=\"font-weight: bold; font-family: 'Plus Jakarta Sans', sans-serif; font-size: 17.6px;\"><span lang=\"DE\" style=\"font-size: 16.5pt; font-family: Roboto; color: #1d2e86; letter-spacing: 0.15pt;\">\u00a0<\/span><\/span><\/span><\/p><p style=\"text-align: center;\"><span style=\"text-decoration: underline; color: #1f2b6c;\"><span lang=\"DE\" style=\"font-size: 13.5pt; font-family: Roboto;\"><span style=\"font-weight: bold; font-family: 'Plus Jakarta Sans', sans-serif; font-size: 17.6px;\"><span lang=\"DE\" style=\"font-size: 16.5pt; font-family: Roboto; letter-spacing: 0.15pt;\"><strong><sup>*Online-Marketing Tanja Schwarz<\/sup><\/strong><\/span><\/span><\/span><\/span><\/p>\t\t\t\t\t\t\t\t<\/div>\n\t\t\t\t<\/div>\n\t\t\t\t\t<\/div>\n\t\t<\/div>\n\t\t\t\t\t<\/div>\n\t\t<\/section>\n\t\t\t\t\t<\/div>\n\t\t<\/div>\n\t\t\t\t\t<\/div>\n\t\t<\/section>\n\t\t\t\t<\/div>","protected":false},"excerpt":{"rendered":"<p>Zack \u2013 E-Mail best\u00e4tigt! Du bist jetzt offiziell in meinem VIP-Verteiler. Schau gleich in dein Postfach nach der E-Mail mit dem Titel \u00a0 \u201eDeine Geschenke von Tanja Schwarz\u201c \u00a0 und schnapp dir deine Goodies.Ich w\u00fcnsch [&hellip;]<\/p>","protected":false},"author":1,"featured_media":0,"parent":0,"menu_order":0,"comment_status":"closed","ping_status":"closed","template":"","meta":{"_eb_attr":"","_monsterinsights_skip_tracking":false,"_monsterinsights_sitenote_active":false,"_monsterinsights_sitenote_note":"","_monsterinsights_sitenote_category":0,"footnotes":""},"class_list":["post-3746","page","type-page","status-publish","hentry"],"yoast_head":"<!-- This site is optimized with the Yoast SEO plugin v25.1 - https:\/\/yoast.com\/wordpress\/plugins\/seo\/ -->\n<title>Newsletter - E-Mail schon best\u00e4tigt - Tanja Schwarz<\/title>\n<meta name=\"description\" content=\"Mit Tanjas simplen Gespr\u00e4chsformulierungen kommunizierst du so, dass du unwiderstehlich f\u00fcr deine Kollegen und Kunden.\" \/>\n<meta name=\"robots\" content=\"index, follow, max-snippet:-1, max-image-preview:large, max-video-preview:-1\" \/>\n<link rel=\"canonical\" href=\"https:\/\/tanjaschwarz.de\/en\/newsletter-emailschonbestaetigt\/\" \/>\n<meta property=\"og:locale\" content=\"en_US\" \/>\n<meta property=\"og:type\" content=\"article\" \/>\n<meta property=\"og:title\" content=\"Newsletter - E-Mail schon best\u00e4tigt - Tanja Schwarz\" \/>\n<meta property=\"og:description\" content=\"Mit Tanjas simplen Gespr\u00e4chsformulierungen kommunizierst du so, dass du unwiderstehlich f\u00fcr deine Kollegen und Kunden.\" \/>\n<meta property=\"og:url\" content=\"https:\/\/tanjaschwarz.de\/en\/newsletter-emailschonbestaetigt\/\" \/>\n<meta property=\"og:site_name\" content=\"Tanja Schwarz\" \/>\n<meta property=\"article:modified_time\" content=\"2025-03-07T18:09:00+00:00\" \/>\n<meta name=\"twitter:card\" content=\"summary_large_image\" \/>\n<meta name=\"twitter:label1\" content=\"Est. reading time\" \/>\n\t<meta name=\"twitter:data1\" content=\"1 minute\" \/>\n<script type=\"application\/ld+json\" class=\"yoast-schema-graph\">{\"@context\":\"https:\/\/schema.org\",\"@graph\":[{\"@type\":\"WebPage\",\"@id\":\"https:\/\/tanjaschwarz.de\/newsletter-emailschonbestaetigt\/\",\"url\":\"https:\/\/tanjaschwarz.de\/newsletter-emailschonbestaetigt\/\",\"name\":\"Newsletter - E-Mail schon best\u00e4tigt - Tanja Schwarz\",\"isPartOf\":{\"@id\":\"https:\/\/tanjaschwarz.de\/#website\"},\"datePublished\":\"2024-12-25T14:46:24+00:00\",\"dateModified\":\"2025-03-07T18:09:00+00:00\",\"description\":\"Mit Tanjas simplen Gespr\u00e4chsformulierungen kommunizierst du so, dass du unwiderstehlich f\u00fcr deine Kollegen und Kunden.\",\"breadcrumb\":{\"@id\":\"https:\/\/tanjaschwarz.de\/newsletter-emailschonbestaetigt\/#breadcrumb\"},\"inLanguage\":\"en-US\",\"potentialAction\":[{\"@type\":\"ReadAction\",\"target\":[\"https:\/\/tanjaschwarz.de\/newsletter-emailschonbestaetigt\/\"]}]},{\"@type\":\"BreadcrumbList\",\"@id\":\"https:\/\/tanjaschwarz.de\/newsletter-emailschonbestaetigt\/#breadcrumb\",\"itemListElement\":[{\"@type\":\"ListItem\",\"position\":1,\"name\":\"Startseite\",\"item\":\"https:\/\/tanjaschwarz.de\/\"},{\"@type\":\"ListItem\",\"position\":2,\"name\":\"Newsletter &#8211; E-Mail schon best\u00e4tigt\"}]},{\"@type\":\"WebSite\",\"@id\":\"https:\/\/tanjaschwarz.de\/#website\",\"url\":\"https:\/\/tanjaschwarz.de\/\",\"name\":\"Tanja Schwarz\",\"description\":\"E-Mail-Marketing\",\"publisher\":{\"@id\":\"https:\/\/tanjaschwarz.de\/#organization\"},\"potentialAction\":[{\"@type\":\"SearchAction\",\"target\":{\"@type\":\"EntryPoint\",\"urlTemplate\":\"https:\/\/tanjaschwarz.de\/?s={search_term_string}\"},\"query-input\":{\"@type\":\"PropertyValueSpecification\",\"valueRequired\":true,\"valueName\":\"search_term_string\"}}],\"inLanguage\":\"en-US\"},{\"@type\":\"Organization\",\"@id\":\"https:\/\/tanjaschwarz.de\/#organization\",\"name\":\"Tanja Schwarz\",\"url\":\"https:\/\/tanjaschwarz.de\/\",\"logo\":{\"@type\":\"ImageObject\",\"inLanguage\":\"en-US\",\"@id\":\"https:\/\/tanjaschwarz.de\/#\/schema\/logo\/image\/\",\"url\":\"https:\/\/tanjaschwarz.de\/wp-content\/uploads\/2025\/02\/cropped-Logo-TS-nagelneu.png\",\"contentUrl\":\"https:\/\/tanjaschwarz.de\/wp-content\/uploads\/2025\/02\/cropped-Logo-TS-nagelneu.png\",\"width\":333,\"height\":173,\"caption\":\"Tanja Schwarz\"},\"image\":{\"@id\":\"https:\/\/tanjaschwarz.de\/#\/schema\/logo\/image\/\"}}]}<\/script>\n<!-- \/ Yoast SEO plugin. -->","yoast_head_json":{"title":"Newsletter - E-Mail schon best\u00e4tigt - Tanja Schwarz","description":"Mit Tanjas simplen Gespr\u00e4chsformulierungen kommunizierst du so, dass du unwiderstehlich f\u00fcr deine Kollegen und Kunden.","robots":{"index":"index","follow":"follow","max-snippet":"max-snippet:-1","max-image-preview":"max-image-preview:large","max-video-preview":"max-video-preview:-1"},"canonical":"https:\/\/tanjaschwarz.de\/en\/newsletter-emailschonbestaetigt\/","og_locale":"en_US","og_type":"article","og_title":"Newsletter - E-Mail schon best\u00e4tigt - Tanja Schwarz","og_description":"Mit Tanjas simplen Gespr\u00e4chsformulierungen kommunizierst du so, dass du unwiderstehlich f\u00fcr deine Kollegen und Kunden.","og_url":"https:\/\/tanjaschwarz.de\/en\/newsletter-emailschonbestaetigt\/","og_site_name":"Tanja Schwarz","article_modified_time":"2025-03-07T18:09:00+00:00","twitter_card":"summary_large_image","twitter_misc":{"Est. reading time":"1 minute"},"schema":{"@context":"https:\/\/schema.org","@graph":[{"@type":"WebPage","@id":"https:\/\/tanjaschwarz.de\/newsletter-emailschonbestaetigt\/","url":"https:\/\/tanjaschwarz.de\/newsletter-emailschonbestaetigt\/","name":"Newsletter - E-Mail schon best\u00e4tigt - Tanja Schwarz","isPartOf":{"@id":"https:\/\/tanjaschwarz.de\/#website"},"datePublished":"2024-12-25T14:46:24+00:00","dateModified":"2025-03-07T18:09:00+00:00","description":"Mit Tanjas simplen Gespr\u00e4chsformulierungen kommunizierst du so, dass du unwiderstehlich f\u00fcr deine Kollegen und Kunden.","breadcrumb":{"@id":"https:\/\/tanjaschwarz.de\/newsletter-emailschonbestaetigt\/#breadcrumb"},"inLanguage":"en-US","potentialAction":[{"@type":"ReadAction","target":["https:\/\/tanjaschwarz.de\/newsletter-emailschonbestaetigt\/"]}]},{"@type":"BreadcrumbList","@id":"https:\/\/tanjaschwarz.de\/newsletter-emailschonbestaetigt\/#breadcrumb","itemListElement":[{"@type":"ListItem","position":1,"name":"Startseite","item":"https:\/\/tanjaschwarz.de\/"},{"@type":"ListItem","position":2,"name":"Newsletter &#8211; E-Mail schon best\u00e4tigt"}]},{"@type":"WebSite","@id":"https:\/\/tanjaschwarz.de\/#website","url":"https:\/\/tanjaschwarz.de\/","name":"Tanja Schwarz","description":"E-Mail-Marketing","publisher":{"@id":"https:\/\/tanjaschwarz.de\/#organization"},"potentialAction":[{"@type":"SearchAction","target":{"@type":"EntryPoint","urlTemplate":"https:\/\/tanjaschwarz.de\/?s={search_term_string}"},"query-input":{"@type":"PropertyValueSpecification","valueRequired":true,"valueName":"search_term_string"}}],"inLanguage":"en-US"},{"@type":"Organization","@id":"https:\/\/tanjaschwarz.de\/#organization","name":"Tanja Schwarz","url":"https:\/\/tanjaschwarz.de\/","logo":{"@type":"ImageObject","inLanguage":"en-US","@id":"https:\/\/tanjaschwarz.de\/#\/schema\/logo\/image\/","url":"https:\/\/tanjaschwarz.de\/wp-content\/uploads\/2025\/02\/cropped-Logo-TS-nagelneu.png","contentUrl":"https:\/\/tanjaschwarz.de\/wp-content\/uploads\/2025\/02\/cropped-Logo-TS-nagelneu.png","width":333,"height":173,"caption":"Tanja Schwarz"},"image":{"@id":"https:\/\/tanjaschwarz.de\/#\/schema\/logo\/image\/"}}]}},"_links":{"self":[{"href":"https:\/\/tanjaschwarz.de\/en\/wp-json\/wp\/v2\/pages\/3746","targetHints":{"allow":["GET"]}}],"collection":[{"href":"https:\/\/tanjaschwarz.de\/en\/wp-json\/wp\/v2\/pages"}],"about":[{"href":"https:\/\/tanjaschwarz.de\/en\/wp-json\/wp\/v2\/types\/page"}],"author":[{"embeddable":true,"href":"https:\/\/tanjaschwarz.de\/en\/wp-json\/wp\/v2\/users\/1"}],"replies":[{"embeddable":true,"href":"https:\/\/tanjaschwarz.de\/en\/wp-json\/wp\/v2\/comments?post=3746"}],"version-history":[{"count":7,"href":"https:\/\/tanjaschwarz.de\/en\/wp-json\/wp\/v2\/pages\/3746\/revisions"}],"predecessor-version":[{"id":4035,"href":"https:\/\/tanjaschwarz.de\/en\/wp-json\/wp\/v2\/pages\/3746\/revisions\/4035"}],"wp:attachment":[{"href":"https:\/\/tanjaschwarz.de\/en\/wp-json\/wp\/v2\/media?parent=3746"}],"curies":[{"name":"wp","href":"https:\/\/api.w.org\/{rel}","templated":true}]}}