{"id":2723,"date":"2023-11-19T11:29:11","date_gmt":"2023-11-19T10:29:11","guid":{"rendered":"https:\/\/tanjaschwarz.de\/?page_id=2723"},"modified":"2023-11-19T11:37:01","modified_gmt":"2023-11-19T10:37:01","slug":"gluckwunschzureintragung","status":"publish","type":"page","link":"https:\/\/tanjaschwarz.de\/en\/gluckwunschzureintragung\/","title":{"rendered":"gluckwunschzureintragung"},"content":{"rendered":"<div data-elementor-type=\"wp-page\" data-elementor-id=\"2723\" class=\"elementor elementor-2723\">\n\t\t\t\t\t\t<section class=\"elementor-section elementor-top-section elementor-element elementor-element-5c4cf2db elementor-section-height-min-height elementor-section-content-middle elementor-section-boxed elementor-section-height-default elementor-section-items-middle\" data-id=\"5c4cf2db\" data-element_type=\"section\" data-e-type=\"section\" data-settings=\"{&quot;background_background&quot;:&quot;classic&quot;}\">\n\t\t\t\t\t\t<div class=\"elementor-container elementor-column-gap-no\">\n\t\t\t\t\t<div class=\"elementor-column elementor-col-100 elementor-top-column elementor-element elementor-element-4ca97c2b\" data-id=\"4ca97c2b\" data-element_type=\"column\" data-e-type=\"column\">\n\t\t\t<div class=\"elementor-widget-wrap elementor-element-populated\">\n\t\t\t\t\t\t<div class=\"elementor-element elementor-element-230599ab elementor-invisible elementor-widget elementor-widget-heading\" data-id=\"230599ab\" data-element_type=\"widget\" data-e-type=\"widget\" data-settings=\"{&quot;_animation&quot;:&quot;fadeIn&quot;}\" data-widget_type=\"heading.default\">\n\t\t\t\t<div class=\"elementor-widget-container\">\n\t\t\t\t\t<h1 class=\"elementor-heading-title elementor-size-default\">German at a TOP level<\/h1>\t\t\t\t<\/div>\n\t\t\t\t<\/div>\n\t\t\t\t\t<\/div>\n\t\t<\/div>\n\t\t\t\t\t<\/div>\n\t\t<\/section>\n\t\t\t\t<section class=\"elementor-section elementor-top-section elementor-element elementor-element-400ec36d elementor-section-content-middle elementor-section-boxed elementor-section-height-default elementor-section-height-default\" data-id=\"400ec36d\" data-element_type=\"section\" data-e-type=\"section\" data-settings=\"{&quot;shape_divider_top&quot;:&quot;tilt&quot;}\">\n\t\t\t\t\t<div class=\"elementor-shape elementor-shape-top\" aria-hidden=\"true\" data-negative=\"false\">\n\t\t\t<svg xmlns=\"http:\/\/www.w3.org\/2000\/svg\" viewbox=\"0 0 1000 100\" preserveaspectratio=\"none\">\n\t<path class=\"elementor-shape-fill\" d=\"M0,6V0h1000v100L0,6z\"\/>\n<\/svg>\t\t<\/div>\n\t\t\t\t\t<div class=\"elementor-container elementor-column-gap-no\">\n\t\t\t\t\t<div class=\"elementor-column elementor-col-100 elementor-top-column elementor-element elementor-element-2012ca4c\" data-id=\"2012ca4c\" data-element_type=\"column\" data-e-type=\"column\">\n\t\t\t<div class=\"elementor-widget-wrap elementor-element-populated\">\n\t\t\t\t\t\t\t<\/div>\n\t\t<\/div>\n\t\t\t\t\t<\/div>\n\t\t<\/section>\n\t\t\t\t<section class=\"elementor-section elementor-top-section elementor-element elementor-element-ecf353e elementor-section-boxed elementor-section-height-default elementor-section-height-default\" data-id=\"ecf353e\" data-element_type=\"section\" data-e-type=\"section\">\n\t\t\t\t\t\t<div class=\"elementor-container elementor-column-gap-default\">\n\t\t\t\t\t<div class=\"elementor-column elementor-col-50 elementor-top-column elementor-element elementor-element-991a3ff\" data-id=\"991a3ff\" data-element_type=\"column\" data-e-type=\"column\">\n\t\t\t<div class=\"elementor-widget-wrap elementor-element-populated\">\n\t\t\t\t\t\t<div class=\"elementor-element elementor-element-4c680d19 elementor-widget elementor-widget-image-box\" data-id=\"4c680d19\" data-element_type=\"widget\" data-e-type=\"widget\" data-widget_type=\"image-box.default\">\n\t\t\t\t<div class=\"elementor-widget-container\">\n\t\t\t\t\t<div class=\"elementor-image-box-wrapper\"><div class=\"elementor-image-box-content\"><h3 class=\"elementor-image-box-title\">Das kannst du jetzt zus\u00e4tzlich machen:<\/h3><p class=\"elementor-image-box-description\"><pre>\n1# Aboniere meinen Instagram Kanal.\n\nIch ver\u00f6ffentliche regelm\u00e4\u00dfig neue Videos.\n<img decoding=\"async\" style=\"width: 50px\" src=\"https:\/\/tanjaschwarz.de\/wp-content\/uploads\/2023\/11\/3.png\" alt=\"\">\n<a href=\"https:\/\/www.instagram.com\/tanja_schwarz_official\/\" target=\"_blank\" rel=\"noreferrer noopener\">https:\/\/www.instagram.com\/tanja_schwarz_official\/<\/a>\n\n2# Aboniere meinen LinkedIn Kanal\n\nBleiben wir in Kontakt!\n<img decoding=\"async\" style=\"width: 44px\" src=\"https:\/\/tanjaschwarz.de\/wp-content\/uploads\/2023\/11\/Linkedin-logo.png\" alt=\"\">\n<a href=\"https:\/\/www.linkedin.com\/in\/online-business-deutsch\/\" target=\"_blank\" rel=\"noreferrer noopener\">https:\/\/www.linkedin.com\/in\/online-business-deutsch\/<\/a><\/pre><\/p><\/div><\/div>\t\t\t\t<\/div>\n\t\t\t\t<\/div>\n\t\t\t\t<div class=\"elementor-element elementor-element-75b338e4 elementor-align-center elementor-widget elementor-widget-button\" data-id=\"75b338e4\" data-element_type=\"widget\" data-e-type=\"widget\" data-widget_type=\"button.default\">\n\t\t\t\t<div class=\"elementor-widget-container\">\n\t\t\t\t\t\t\t\t\t<div class=\"elementor-button-wrapper\">\n\t\t\t\t\t<a class=\"elementor-button elementor-button-link elementor-size-sm elementor-animation-pulse-grow\" href=\"https:\/\/www.copecart.com\/products\/828d35be\/checkout\">\n\t\t\t\t\t\t<span class=\"elementor-button-content-wrapper\">\n\t\t\t\t\t\t\t\t\t<span class=\"elementor-button-text\">Buche Hier deinen Wunschkurs<\/span>\n\t\t\t\t\t<\/span>\n\t\t\t\t\t<\/a>\n\t\t\t\t<\/div>\n\t\t\t\t\t\t\t\t<\/div>\n\t\t\t\t<\/div>\n\t\t\t\t\t<\/div>\n\t\t<\/div>\n\t\t\t\t<div class=\"elementor-column elementor-col-50 elementor-top-column elementor-element elementor-element-b7d5b26\" data-id=\"b7d5b26\" data-element_type=\"column\" data-e-type=\"column\">\n\t\t\t<div class=\"elementor-widget-wrap elementor-element-populated\">\n\t\t\t\t\t\t<div class=\"elementor-element elementor-element-592a5345 elementor-widget elementor-widget-image-box\" data-id=\"592a5345\" data-element_type=\"widget\" data-e-type=\"widget\" data-widget_type=\"image-box.default\">\n\t\t\t\t<div class=\"elementor-widget-container\">\n\t\t\t\t\t<div class=\"elementor-image-box-wrapper\"><div class=\"elementor-image-box-content\"><h3 class=\"elementor-image-box-title\">Herzlichen Gl\u00fcckwunsch!<\/h3><p class=\"elementor-image-box-description\"><pre>Dein Qualifizierungsgespr\u00e4ch\nist f\u00fcr dich reserviert!\n\nIch werde dich \u00fcber die von dir hinterlegte <\/pre><pre>Telefonnummer kontaktieren.\n\nSolltest du in der Zeit bis zu deinem Anruf weitere <br>Fragen haben, schreibe mir gerne unter        <\/pre><pre> vip-support@tanjaschwarz.de.\n\nWir h\u00f6ren uns in K\u00fcrze!\nIch freu mich!\n\nHerzlichst\nDeine Tanja <\/pre>\n<!-- \/wp:preformatted -->\n <\/p><\/div><\/div>\t\t\t\t<\/div>\n\t\t\t\t<\/div>\n\t\t\t\t<div class=\"elementor-element elementor-element-dcf1c0f elementor-align-center elementor-widget elementor-widget-button\" data-id=\"dcf1c0f\" data-element_type=\"widget\" data-e-type=\"widget\" data-widget_type=\"button.default\">\n\t\t\t\t<div class=\"elementor-widget-container\">\n\t\t\t\t\t\t\t\t\t<div class=\"elementor-button-wrapper\">\n\t\t\t\t\t<a class=\"elementor-button elementor-button-link elementor-size-sm elementor-animation-pulse-grow\" href=\"https:\/\/www.copecart.com\/products\/9b0df09f\/checkout\">\n\t\t\t\t\t\t<span class=\"elementor-button-content-wrapper\">\n\t\t\t\t\t\t\t\t\t<span class=\"elementor-button-text\">Buche Hier deinen Wunschkurs<\/span>\n\t\t\t\t\t<\/span>\n\t\t\t\t\t<\/a>\n\t\t\t\t<\/div>\n\t\t\t\t\t\t\t\t<\/div>\n\t\t\t\t<\/div>\n\t\t\t\t<section class=\"elementor-section elementor-inner-section elementor-element elementor-element-45dbdeb0 elementor-section-content-middle elementor-section-boxed elementor-section-height-default elementor-section-height-default\" data-id=\"45dbdeb0\" data-element_type=\"section\" data-e-type=\"section\">\n\t\t\t\t\t\t<div class=\"elementor-container elementor-column-gap-no\">\n\t\t\t\t\t<div class=\"elementor-column elementor-col-100 elementor-inner-column elementor-element elementor-element-3f77c4df\" data-id=\"3f77c4df\" data-element_type=\"column\" data-e-type=\"column\">\n\t\t\t<div class=\"elementor-widget-wrap\">\n\t\t\t\t\t\t\t<\/div>\n\t\t<\/div>\n\t\t\t\t\t<\/div>\n\t\t<\/section>\n\t\t\t\t\t<\/div>\n\t\t<\/div>\n\t\t\t\t\t<\/div>\n\t\t<\/section>\n\t\t\t\t<\/div>","protected":false},"excerpt":{"rendered":"<p>Deutsch auf TOP Niveau Das kannst du jetzt zus\u00e4tzlich machen: 1# Aboniere meinen Instagram Kanal. Ich ver\u00f6ffentliche regelm\u00e4\u00dfig neue Videos. https:\/\/www.instagram.com\/tanja_schwarz_official\/ 2# Aboniere meinen LinkedIn Kanal Bleiben wir in Kontakt! https:\/\/www.linkedin.com\/in\/online-business-deutsch\/ Buche Hier deinen Wunschkurs [&hellip;]<\/p>","protected":false},"author":1,"featured_media":0,"parent":0,"menu_order":0,"comment_status":"closed","ping_status":"closed","template":"","meta":{"_eb_attr":"","_monsterinsights_skip_tracking":false,"_monsterinsights_sitenote_active":false,"_monsterinsights_sitenote_note":"","_monsterinsights_sitenote_category":0,"footnotes":""},"class_list":["post-2723","page","type-page","status-publish","hentry"],"yoast_head":"<!-- This site is optimized with the Yoast SEO plugin v25.1 - https:\/\/yoast.com\/wordpress\/plugins\/seo\/ -->\n<title>gluckwunschzureintragung - Tanja Schwarz<\/title>\n<meta name=\"robots\" content=\"index, follow, max-snippet:-1, max-image-preview:large, max-video-preview:-1\" \/>\n<link rel=\"canonical\" href=\"https:\/\/tanjaschwarz.de\/en\/gluckwunschzureintragung\/\" \/>\n<meta property=\"og:locale\" content=\"en_US\" \/>\n<meta property=\"og:type\" content=\"article\" \/>\n<meta property=\"og:title\" content=\"gluckwunschzureintragung - Tanja Schwarz\" \/>\n<meta property=\"og:description\" content=\"Deutsch auf TOP Niveau Das kannst du jetzt zus\u00e4tzlich machen: 1# Aboniere meinen Instagram Kanal. Ich ver\u00f6ffentliche regelm\u00e4\u00dfig neue Videos. https:\/\/www.instagram.com\/tanja_schwarz_official\/ 2# Aboniere meinen LinkedIn Kanal Bleiben wir in Kontakt! https:\/\/www.linkedin.com\/in\/online-business-deutsch\/ Buche Hier deinen Wunschkurs [&hellip;]\" \/>\n<meta property=\"og:url\" content=\"https:\/\/tanjaschwarz.de\/en\/gluckwunschzureintragung\/\" \/>\n<meta property=\"og:site_name\" content=\"Tanja Schwarz\" \/>\n<meta property=\"article:modified_time\" content=\"2023-11-19T10:37:01+00:00\" \/>\n<meta property=\"og:image\" content=\"https:\/\/tanjaschwarz.de\/wp-content\/uploads\/2023\/11\/3.png\" \/>\n<meta name=\"twitter:card\" content=\"summary_large_image\" \/>\n<meta name=\"twitter:label1\" content=\"Est. reading time\" \/>\n\t<meta name=\"twitter:data1\" content=\"1 minute\" \/>\n<script type=\"application\/ld+json\" class=\"yoast-schema-graph\">{\"@context\":\"https:\/\/schema.org\",\"@graph\":[{\"@type\":\"WebPage\",\"@id\":\"https:\/\/tanjaschwarz.de\/gluckwunschzureintragung\/\",\"url\":\"https:\/\/tanjaschwarz.de\/gluckwunschzureintragung\/\",\"name\":\"gluckwunschzureintragung - Tanja Schwarz\",\"isPartOf\":{\"@id\":\"https:\/\/tanjaschwarz.de\/#website\"},\"primaryImageOfPage\":{\"@id\":\"https:\/\/tanjaschwarz.de\/gluckwunschzureintragung\/#primaryimage\"},\"image\":{\"@id\":\"https:\/\/tanjaschwarz.de\/gluckwunschzureintragung\/#primaryimage\"},\"thumbnailUrl\":\"https:\/\/tanjaschwarz.de\/wp-content\/uploads\/2023\/11\/3.png\",\"datePublished\":\"2023-11-19T10:29:11+00:00\",\"dateModified\":\"2023-11-19T10:37:01+00:00\",\"breadcrumb\":{\"@id\":\"https:\/\/tanjaschwarz.de\/gluckwunschzureintragung\/#breadcrumb\"},\"inLanguage\":\"en-US\",\"potentialAction\":[{\"@type\":\"ReadAction\",\"target\":[\"https:\/\/tanjaschwarz.de\/gluckwunschzureintragung\/\"]}]},{\"@type\":\"ImageObject\",\"inLanguage\":\"en-US\",\"@id\":\"https:\/\/tanjaschwarz.de\/gluckwunschzureintragung\/#primaryimage\",\"url\":\"https:\/\/tanjaschwarz.de\/wp-content\/uploads\/2023\/11\/3.png\",\"contentUrl\":\"https:\/\/tanjaschwarz.de\/wp-content\/uploads\/2023\/11\/3.png\"},{\"@type\":\"BreadcrumbList\",\"@id\":\"https:\/\/tanjaschwarz.de\/gluckwunschzureintragung\/#breadcrumb\",\"itemListElement\":[{\"@type\":\"ListItem\",\"position\":1,\"name\":\"Startseite\",\"item\":\"https:\/\/tanjaschwarz.de\/\"},{\"@type\":\"ListItem\",\"position\":2,\"name\":\"gluckwunschzureintragung\"}]},{\"@type\":\"WebSite\",\"@id\":\"https:\/\/tanjaschwarz.de\/#website\",\"url\":\"https:\/\/tanjaschwarz.de\/\",\"name\":\"Tanja Schwarz\",\"description\":\"E-Mail-Marketing\",\"publisher\":{\"@id\":\"https:\/\/tanjaschwarz.de\/#organization\"},\"potentialAction\":[{\"@type\":\"SearchAction\",\"target\":{\"@type\":\"EntryPoint\",\"urlTemplate\":\"https:\/\/tanjaschwarz.de\/?s={search_term_string}\"},\"query-input\":{\"@type\":\"PropertyValueSpecification\",\"valueRequired\":true,\"valueName\":\"search_term_string\"}}],\"inLanguage\":\"en-US\"},{\"@type\":\"Organization\",\"@id\":\"https:\/\/tanjaschwarz.de\/#organization\",\"name\":\"Tanja Schwarz\",\"url\":\"https:\/\/tanjaschwarz.de\/\",\"logo\":{\"@type\":\"ImageObject\",\"inLanguage\":\"en-US\",\"@id\":\"https:\/\/tanjaschwarz.de\/#\/schema\/logo\/image\/\",\"url\":\"https:\/\/tanjaschwarz.de\/wp-content\/uploads\/2025\/02\/cropped-Logo-TS-nagelneu.png\",\"contentUrl\":\"https:\/\/tanjaschwarz.de\/wp-content\/uploads\/2025\/02\/cropped-Logo-TS-nagelneu.png\",\"width\":333,\"height\":173,\"caption\":\"Tanja Schwarz\"},\"image\":{\"@id\":\"https:\/\/tanjaschwarz.de\/#\/schema\/logo\/image\/\"}}]}<\/script>\n<!-- \/ Yoast SEO plugin. -->","yoast_head_json":{"title":"gluckwunschzureintragung - Tanja Schwarz","robots":{"index":"index","follow":"follow","max-snippet":"max-snippet:-1","max-image-preview":"max-image-preview:large","max-video-preview":"max-video-preview:-1"},"canonical":"https:\/\/tanjaschwarz.de\/en\/gluckwunschzureintragung\/","og_locale":"en_US","og_type":"article","og_title":"gluckwunschzureintragung - Tanja Schwarz","og_description":"Deutsch auf TOP Niveau Das kannst du jetzt zus\u00e4tzlich machen: 1# Aboniere meinen Instagram Kanal. Ich ver\u00f6ffentliche regelm\u00e4\u00dfig neue Videos. https:\/\/www.instagram.com\/tanja_schwarz_official\/ 2# Aboniere meinen LinkedIn Kanal Bleiben wir in Kontakt! https:\/\/www.linkedin.com\/in\/online-business-deutsch\/ Buche Hier deinen Wunschkurs [&hellip;]","og_url":"https:\/\/tanjaschwarz.de\/en\/gluckwunschzureintragung\/","og_site_name":"Tanja Schwarz","article_modified_time":"2023-11-19T10:37:01+00:00","og_image":[{"url":"https:\/\/tanjaschwarz.de\/wp-content\/uploads\/2023\/11\/3.png","type":"","width":"","height":""}],"twitter_card":"summary_large_image","twitter_misc":{"Est. reading time":"1 minute"},"schema":{"@context":"https:\/\/schema.org","@graph":[{"@type":"WebPage","@id":"https:\/\/tanjaschwarz.de\/gluckwunschzureintragung\/","url":"https:\/\/tanjaschwarz.de\/gluckwunschzureintragung\/","name":"gluckwunschzureintragung - Tanja Schwarz","isPartOf":{"@id":"https:\/\/tanjaschwarz.de\/#website"},"primaryImageOfPage":{"@id":"https:\/\/tanjaschwarz.de\/gluckwunschzureintragung\/#primaryimage"},"image":{"@id":"https:\/\/tanjaschwarz.de\/gluckwunschzureintragung\/#primaryimage"},"thumbnailUrl":"https:\/\/tanjaschwarz.de\/wp-content\/uploads\/2023\/11\/3.png","datePublished":"2023-11-19T10:29:11+00:00","dateModified":"2023-11-19T10:37:01+00:00","breadcrumb":{"@id":"https:\/\/tanjaschwarz.de\/gluckwunschzureintragung\/#breadcrumb"},"inLanguage":"en-US","potentialAction":[{"@type":"ReadAction","target":["https:\/\/tanjaschwarz.de\/gluckwunschzureintragung\/"]}]},{"@type":"ImageObject","inLanguage":"en-US","@id":"https:\/\/tanjaschwarz.de\/gluckwunschzureintragung\/#primaryimage","url":"https:\/\/tanjaschwarz.de\/wp-content\/uploads\/2023\/11\/3.png","contentUrl":"https:\/\/tanjaschwarz.de\/wp-content\/uploads\/2023\/11\/3.png"},{"@type":"BreadcrumbList","@id":"https:\/\/tanjaschwarz.de\/gluckwunschzureintragung\/#breadcrumb","itemListElement":[{"@type":"ListItem","position":1,"name":"Startseite","item":"https:\/\/tanjaschwarz.de\/"},{"@type":"ListItem","position":2,"name":"gluckwunschzureintragung"}]},{"@type":"WebSite","@id":"https:\/\/tanjaschwarz.de\/#website","url":"https:\/\/tanjaschwarz.de\/","name":"Tanja Schwarz","description":"E-Mail-Marketing","publisher":{"@id":"https:\/\/tanjaschwarz.de\/#organization"},"potentialAction":[{"@type":"SearchAction","target":{"@type":"EntryPoint","urlTemplate":"https:\/\/tanjaschwarz.de\/?s={search_term_string}"},"query-input":{"@type":"PropertyValueSpecification","valueRequired":true,"valueName":"search_term_string"}}],"inLanguage":"en-US"},{"@type":"Organization","@id":"https:\/\/tanjaschwarz.de\/#organization","name":"Tanja Schwarz","url":"https:\/\/tanjaschwarz.de\/","logo":{"@type":"ImageObject","inLanguage":"en-US","@id":"https:\/\/tanjaschwarz.de\/#\/schema\/logo\/image\/","url":"https:\/\/tanjaschwarz.de\/wp-content\/uploads\/2025\/02\/cropped-Logo-TS-nagelneu.png","contentUrl":"https:\/\/tanjaschwarz.de\/wp-content\/uploads\/2025\/02\/cropped-Logo-TS-nagelneu.png","width":333,"height":173,"caption":"Tanja Schwarz"},"image":{"@id":"https:\/\/tanjaschwarz.de\/#\/schema\/logo\/image\/"}}]}},"_links":{"self":[{"href":"https:\/\/tanjaschwarz.de\/en\/wp-json\/wp\/v2\/pages\/2723","targetHints":{"allow":["GET"]}}],"collection":[{"href":"https:\/\/tanjaschwarz.de\/en\/wp-json\/wp\/v2\/pages"}],"about":[{"href":"https:\/\/tanjaschwarz.de\/en\/wp-json\/wp\/v2\/types\/page"}],"author":[{"embeddable":true,"href":"https:\/\/tanjaschwarz.de\/en\/wp-json\/wp\/v2\/users\/1"}],"replies":[{"embeddable":true,"href":"https:\/\/tanjaschwarz.de\/en\/wp-json\/wp\/v2\/comments?post=2723"}],"version-history":[{"count":8,"href":"https:\/\/tanjaschwarz.de\/en\/wp-json\/wp\/v2\/pages\/2723\/revisions"}],"predecessor-version":[{"id":2733,"href":"https:\/\/tanjaschwarz.de\/en\/wp-json\/wp\/v2\/pages\/2723\/revisions\/2733"}],"wp:attachment":[{"href":"https:\/\/tanjaschwarz.de\/en\/wp-json\/wp\/v2\/media?parent=2723"}],"curies":[{"name":"wp","href":"https:\/\/api.w.org\/{rel}","templated":true}]}}